{"id":12158,"date":"2020-03-12T15:43:33","date_gmt":"2020-03-12T14:43:33","guid":{"rendered":"http:\/\/oldsite.reasonline.it\/eventi\/"},"modified":"2024-09-16T15:47:19","modified_gmt":"2024-09-16T13:47:19","slug":"eventi","status":"publish","type":"page","link":"https:\/\/oldsite.reasonline.it\/en\/eventi\/","title":{"rendered":"Eventi"},"content":{"rendered":"<div class=\"wpb-content-wrapper\"><p>[vc_row disable_element=&#8221;yes&#8221; bg_type=&#8221;bg_color&#8221; bg_override=&#8221;ex-full&#8221; bg_color_value=&#8221;#ffffff&#8221;][vc_column][na_posts_grid excerpt=&#8221;0&#8243; comment=&#8221;none&#8221; catg=&#8221;none&#8221; settings=&#8221;post_type:post|categories:54&#8243;][\/vc_column][\/vc_row][vc_row bg_type=&#8221;bg_color&#8221; bg_override=&#8221;ex-full&#8221; bg_color_value=&#8221;#ffffff&#8221;][vc_column][vc_empty_space][vc_custom_heading text=&#8221;PROGRAM 2024<br \/>\n(updating)&#8221; font_container=&#8221;tag:h2|text_align:center|color:%23ec7404&#8243; use_theme_fonts=&#8221;yes&#8221;][vc_column_text]<\/p>\n<h1 style=\"text-align: center;\">The protagonists of emergency management<br \/>\nin a program of special events at the fair<\/h1>\n<p>[\/vc_column_text][vc_empty_space][vc_column_text]<strong>REAS<\/strong> is a unique opportunity for operators and volunteers because it represents moments of confrontation, in which to learn new skills and measure one\u2019s level of preparation. Precisely for this reason, every year, REAS hosts events and contests under the banner of technical training and a program of conferences, workshops and seminars carried out in collaboration with institutions, associations and specialized companies.[\/vc_column_text][vc_empty_space][vc_separator color=&#8221;custom&#8221; style=&#8221;dotted&#8221; accent_color=&#8221;#ec7404&#8243;][\/vc_column][\/vc_row][vc_row bg_type=&#8221;bg_color&#8221; bg_override=&#8221;ex-full&#8221; bg_color_value=&#8221;#ffffff&#8221;][vc_column width=&#8221;1\/3&#8243;][vc_single_image image=&#8221;30265&#8243; img_size=&#8221;400&#215;225&#8243;][vc_empty_space height=&#8221;16px&#8221;][vc_column_text]<span style=\"color: #ec7404;\">CONTEST<\/span>[\/vc_column_text][vc_column_text]<strong>VENERD\u00cc, SABATO e DOMENICA \/ Area esterna<br \/>\n<\/strong>[\/vc_column_text][vc_column_text]<\/p>\n<h4><strong>Off REAS Area<\/strong><\/h4>\n<p>[\/vc_column_text][vc_empty_space height=&#8221;16px&#8221;][vc_single_image image=&#8221;30294&#8243; img_size=&#8221;200&#215;61&#8243; onclick=&#8221;custom_link&#8221; link=&#8221;https:\/\/www.ottoservice.it&#8221;][vc_empty_space height=&#8221;16px&#8221;][vc_column_text]Ogni edizione di REAS \u00e8 un\u2019opportunit\u00e0 unica di formazione sul campo. In occasione di dell\u2019edizione 2024 in programma dal 4 al 6 ottobre, i visitatori della manifestazione avranno la possibilit\u00e0 di provare in prima persona l\u2019emozione della guida fuori strada, testando le proprie abilit\u00e0 di guida nella <strong>OFF REAS AREA<\/strong>, un percorso dove mettersi al volante e affrontare salite, discese e twist in un avvincente percorso a ostacoli. L\u2019iniziativa viene proposta da <a href=\"https:\/\/www.ottoservice.it\/\" target=\"_blank\" rel=\"noopener\"><strong>Ottoservive<\/strong><\/a> che affiancher\u00e0 i partecipanti con istruttori qualificati che forniranno tutti i consigli per una guida efficace in piena sicurezza. La partecipazione \u00e8 gratuita per tutti, basta essere maggiorenni e in possesso di patente (B).[\/vc_column_text][vc_btn title=&#8221;SCOPRI DI PI\u00d9&#8221; style=&#8221;outline-custom&#8221; outline_custom_color=&#8221;#ec7404&#8243; outline_custom_hover_background=&#8221;#ec7404&#8243; outline_custom_hover_text=&#8221;#ffffff&#8221; align=&#8221;center&#8221; i_icon_fontawesome=&#8221;fas fa-play&#8221; css_animation=&#8221;fadeIn&#8221; button_block=&#8221;true&#8221; add_icon=&#8221;true&#8221; link=&#8221;url:https%3A%2F%2Foldsite.reasonline.it%2F2024%2F09%2F10%2Foff-reas-area%2F|target:_blank&#8221;][vc_empty_space][\/vc_column][vc_column width=&#8221;1\/3&#8243;][vc_single_image image=&#8221;30302&#8243; img_size=&#8221;400&#215;225&#8243;][vc_empty_space height=&#8221;16px&#8221;][vc_column_text]<span style=\"color: #ec7404;\">CONVEGNO<\/span>[\/vc_column_text][vc_column_text]<strong>VENERD\u00cc 4 OTTOBRE \/ ore 15.00 \/ Sala Scalvini<br \/>\n(primo piano, ingresso centrale)<\/strong>[\/vc_column_text][vc_column_text]<\/p>\n<h4>Droni e nuove tecniche per il soccorso in mare e nelle acque interne<\/h4>\n<p>[\/vc_column_text][vc_empty_space height=&#8221;16px&#8221;][vc_single_image image=&#8221;30239&#8243; img_size=&#8221;500&#215;54&#8243; onclick=&#8221;custom_link&#8221;][vc_empty_space height=&#8221;16px&#8221;][vc_column_text]Torna al REAS 2024 la quarta edizione del convegno nazionale sui droni nelle emergenze, che quest\u2019anno affronter\u00e0 il tema \u201c\u201d. Il convegno riguarder\u00e0 l\u2019impiego di tecnologie all\u2019avanguardia, come il drone acquatico radiocomandato \u201cU-Safe\u201d (nella foto), e di tecniche innovative da parte degli enti istituzionali Droni e nuove tecniche per il soccorso in mare e nelle acque internee delle associazioni specializzate che contribuiscono a rendere sicure le nostre coste e a cui \u00e8 affidata la responsabilit\u00e0 di intervenire per il soccorso di bagnanti o naviganti in pericolo. L\u2019organizzazione \u00e8 a cura dalla societ\u00e0 Mediark\u00e8, in collaborazione con i due eventi professionali di riferimento del settore droni in Italia, Roma Drone Conference e Sea Drone Tech Summit. Official partner \u00e8 la societ\u00e0 Versilia Marine Service.[\/vc_column_text][vc_column_text]PROGRAMMA:<br \/>\n<strong>Edoardo Gori<\/strong>, Technical Manager &amp; Quality Assurance, Versilia Marine Service<br \/>\n<strong>Massimo Kothmeir<\/strong>, Capitano di fregata, capo Servizio Efficienza Navale e Tecnica, Direzione Marittima della Liguria, Guardia Costiera<br \/>\n<strong>Corrado Bollani<\/strong>, Presidente Societ\u00e0 Nazionale Salvamento &#8211; Sezione Genova Nervi, formatore nazionale BLSD e IAMAS<br \/>\n<strong>Andrea Paci<\/strong>, infermiere Croce Rossa Italiana &#8211; Comitato Viareggio; infermiere del Corpo Militare Volontario di CRI &#8211; Centro di Mobilitazione Toscana<\/p>\n<p>Modera:<br \/>\n<strong>Luciano Castro<\/strong>, Presidente Roma Drone Conference e Sea Drone Tech Summit<\/p>\n<p>La partecipazione al convegno \u00e8 libera e gratuita per i visitatori di REAS 2024.<br \/>\nPer informazioni o contatti: <a href=\"mailto:segreteria@romadrone.it\">segreteria@romadrone.it<\/a>.[\/vc_column_text][vc_btn title=&#8221;SCOPRI DI PI\u00d9&#8221; style=&#8221;outline-custom&#8221; outline_custom_color=&#8221;#ec7404&#8243; outline_custom_hover_background=&#8221;#ec7404&#8243; outline_custom_hover_text=&#8221;#ffffff&#8221; align=&#8221;center&#8221; i_icon_fontawesome=&#8221;fas fa-play&#8221; css_animation=&#8221;fadeIn&#8221; button_block=&#8221;true&#8221; add_icon=&#8221;true&#8221; link=&#8221;url:https%3A%2F%2Foldsite.reasonline.it%2F2024%2F09%2F10%2Fdroni-e-nuove-tecniche-per-il-soccorso-in-mare%2F|target:_blank&#8221;][vc_empty_space][\/vc_column][vc_column width=&#8221;1\/3&#8243;][vc_single_image image=&#8221;30321&#8243; img_size=&#8221;400&#215;225&#8243;][vc_empty_space height=&#8221;16px&#8221;][vc_column_text]<span style=\"color: #ec7404;\">CONVEGNO<\/span>[\/vc_column_text][vc_column_text]<strong>SABATO 5 OTTOBRE \/ ore 14.30 \/ Sala Scalvini<br \/>\n(primo piano, ingresso centrale)<\/strong>[\/vc_column_text][vc_column_text]<\/p>\n<h4>Nuovo veicolo speciale UAS-TLC per attivit\u00e0 di protezione civile: a REAS la presentazione ufficiale<\/h4>\n<p>[\/vc_column_text][vc_empty_space height=&#8221;16px&#8221;][vc_single_image image=&#8221;17089&#8243; img_size=&#8221;200&#215;46&#8243; onclick=&#8221;custom_link&#8221; link=&#8221;http:\/\/www.mediarke.it\/&#8221;][vc_empty_space height=&#8221;16px&#8221;][vc_column_text]L&#8217;efficacia delle operazioni di soccorso e protezione civile dipende dalla rapidit\u00e0 di intervento nelle aree colpite da emergenze e dall&#8217;avvio tempestivo delle attivit\u00e0 di coordinamento, comunicazione e analisi dello scenario operativo. In situazioni critiche, come incidenti gravi, incendi, alluvioni o terremoti, la presenza di personale qualificato e mezzi avanzati \u00e8 essenziale per salvare vite e ridurre i danni. Al REAS 2024, verr\u00e0 presentato un veicolo speciale, progettato in Italia, che rappresenta un&#8217;innovazione nel settore delle emergenze. Questo mezzo, concepito per l\u2019utilizzo di sistemi aerei a pilotaggio remoto, opera come stazione mobile per le emergenze, integrando tecnologie avanzate per il monitoraggio e la gestione delle crisi sul campo.[\/vc_column_text][vc_column_text]PROGRAMMA:<br \/>\n<strong>Gianluca PICCHI<\/strong>, CEO CVS &#8211; Costruzioni Veicoli Speciali<br \/>\n<strong>Roberto SALUSTRI<\/strong>, Coordinatore Gruppo comunale Volontari Protezione Civile di Albano Laziale (Roma)<br \/>\n<strong>Mauro DE ROSSI<\/strong>, Disaster Manager, CEO Unexgen<br \/>\n<strong>Alessandro PINTO<\/strong>, Product Specialist 3D, Stonex<br \/>\n<strong>Alessandro GIORGI<\/strong>, Consulente normativo e prodotti Enterprise, PersonalDrones<\/p>\n<p>Moderano:<br \/>\n<strong>Luciano CASTRO<\/strong>, Presidente Roma Drone Conference e Sea Drone Tech Summit<br \/>\n<strong>Mauro DE ROSSI<\/strong>, Disaster Manager, CEO Unexgen<\/p>\n<p>La partecipazione al convegno \u00e8 libera e gratuita per i visitatori di REAS 2024.<br \/>\nPer informazioni o contatti: <a href=\"mailto:reas.ufficiostampa@mediarke.it\">reas.ufficiostampa@mediarke.it<\/a>.[\/vc_column_text][vc_btn title=&#8221;SCOPRI DI PI\u00d9&#8221; style=&#8221;outline-custom&#8221; outline_custom_color=&#8221;#ec7404&#8243; outline_custom_hover_background=&#8221;#ec7404&#8243; outline_custom_hover_text=&#8221;#ffffff&#8221; align=&#8221;center&#8221; i_icon_fontawesome=&#8221;fas fa-play&#8221; css_animation=&#8221;fadeIn&#8221; button_block=&#8221;true&#8221; add_icon=&#8221;true&#8221; link=&#8221;url:https%3A%2F%2Foldsite.reasonline.it%2Fen%2F2024%2F09%2F16%2Fnuovo-veicolo-speciale-uas%2F|target:_blank&#8221;][vc_empty_space][\/vc_column][\/vc_row][vc_row bg_type=&#8221;bg_color&#8221; bg_override=&#8221;ex-full&#8221; bg_color_value=&#8221;#ffffff&#8221;][vc_column][vc_empty_space][vc_separator color=&#8221;custom&#8221; style=&#8221;dotted&#8221; accent_color=&#8221;#303030&#8243;][vc_empty_space][\/vc_column][\/vc_row][vc_row bg_type=&#8221;bg_color&#8221; bg_override=&#8221;ex-full&#8221; bg_color_value=&#8221;#ffffff&#8221;][vc_column width=&#8221;1\/3&#8243;][vc_single_image image=&#8221;30270&#8243; img_size=&#8221;400&#215;225&#8243;][vc_empty_space height=&#8221;16px&#8221;][vc_column_text]<span style=\"color: #ec7404;\">CONVEGNO<\/span>[\/vc_column_text][vc_column_text]<strong>SABATO 5 OTTOBRE \/ ore 16.00 \/ Sala Scalvini<br \/>\n(primo piano, ingresso centrale)<\/strong>[\/vc_column_text][vc_column_text]<\/p>\n<h4>La componente aerea nelle operazioni antincendio boschivo e il coordinamento con il personale a terra<\/h4>\n<p>[\/vc_column_text][vc_empty_space height=&#8221;16px&#8221;][vc_single_image image=&#8221;17089&#8243; img_size=&#8221;200&#215;46&#8243; onclick=&#8221;custom_link&#8221; link=&#8221;http:\/\/www.mediarke.it\/&#8221;][vc_empty_space height=&#8221;16px&#8221;][vc_column_text]Ogni anno, soprattutto d\u2019estate, migliaia di ettari di boschi vanno in cenere in tutta Italia a causa degli incendi boschivi, con un danno gigantesco al nostro patrimonio forestale e mettendo anche in pericolo infrastrutture, centri abitati e persone. Nella lotta ai roghi, indispensabile \u00e8 la \u201ccomponente aerea\u201d, con aerei ed elicotteri capaci di scaricare tonnellate di acqua o liquido ritardante sulle aree interessate dal fuoco, la cui efficacia necessita per\u00f2 di un forte coordinamento con il personale a terra. E\u2019 questo il tema del nuovo convegno proposto da REAS 2024, organizzato dalla societ\u00e0 <a href=\"http:\/\/www.mediarke.it\" target=\"_blank\" rel=\"noopener\"><strong>Mediark\u00e8<\/strong><\/a> in collaborazione con <a href=\"http:\/\/www.aerspo.it\" target=\"_blank\" rel=\"noopener\"><strong>AerSpo \u2013 Aerial Specialised Operation Association<\/strong><\/a>.[\/vc_column_text][vc_column_text]PROGRAMMA:<\/p>\n<p>Introduzione:<br \/>\n<strong><em>La lotta attiva nello spegnimento degli incendi boschivi, la flotta nazionale e regionale, modalit\u00e0 di intervento<\/em><\/strong><br \/>\n\u2022 Cpt. <strong>Raoul BLASI<\/strong>, pilota velivolo Canadair CL415, Presidente AerSpo, moderatore del convegno<\/p>\n<p>1a Sessione:<br \/>\n<strong><em>Le attivit\u00e0 manned\/manned e manned\/unmanned nelle zone di intervento aereo, normativa, coordinamento, criticit\u00e0 e sicurezza delle operazioni<\/em><\/strong><br \/>\nRelatori:<br \/>\n\u2022 Cpt. <strong>Raoul BLASI<\/strong>, pilota velivolo Canadair CL415, Presidente AerSpo<br \/>\n\u2022 Cpt. <strong>Alfonso FRIOLO<\/strong>, pilota elicottero HEMS 118, gi\u00e0 pilota nell\u2019Aviazione dell\u2019Esercito<br \/>\n\u2022 Dott. <strong>Francesco GARGANESE<\/strong>, pilota istruttore\/esaminatore Droni, Presidente Sorveglianza Aerea Territoriale (SAT) OdV, Membro commissione International Emergency Drone Organization (IEDO)<br \/>\n\u2022 Cpt. <strong>Michele GROTTOLO<\/strong>, pilota elicottero antincendio<\/p>\n<p>2a Sessione:<br \/>\n<strong><em>Tecniche avanzate di spegnimento con il mezzo aereo. Scelta e uso degli additivi estinguenti (ritardanti, bagnanti, schiumogeni), strategie e tecniche di lancio con il mezzo aereo<\/em><\/strong><br \/>\nRelatori:<br \/>\n\u2022 Assistente Capo <strong>Livio PELUFFO<\/strong>, Responsabile del Gruppo di Analisi e Uso del Fuoco (GAUF) del Corpo Forestale e di Vigilanza Ambientale di Nuoro<br \/>\n\u2022 Cpt. <strong>Raoul BLASI<\/strong>, pilota velivolo Canadair CL415, Presidente AerSpo<\/p>\n<p>3a Sessione:<br \/>\n<em><strong>Formazione del personale di coordinamento delle operazioni AIB<\/strong><\/em><br \/>\nRelatori:<br \/>\n\u2022 Dott. <strong>Luigi RICCI<\/strong>, gi\u00e0 Direttore Coordinatore Speciale del Corpo Nazionale dei Vigili del Fuoco, Responsabile Formanet formazione APS<br \/>\n\u2022 Cpt. <strong>Raoul BLASI<\/strong>, pilota velivolo Canadair CL415, Presidente AerSpo<\/p>\n<p>Al termine degli interventi, \u00e8 previsto un Question Time con le domande del pubblico di professionisti e volontari di protezione civile.<\/p>\n<p>La partecipazione al convegno \u00e8 libera e gratuita per i visitatori di REAS 2024.<br \/>\nPer informazioni o contatti: <a href=\"mailto:reas.ufficiostampa@mediarke.it.\" target=\"_blank\" rel=\"noopener\">reas.ufficiostampa@mediarke.it.<\/a>[\/vc_column_text][vc_btn title=&#8221;SCOPRI DI PI\u00d9&#8221; style=&#8221;outline-custom&#8221; outline_custom_color=&#8221;#ec7404&#8243; outline_custom_hover_background=&#8221;#ec7404&#8243; outline_custom_hover_text=&#8221;#ffffff&#8221; align=&#8221;center&#8221; i_icon_fontawesome=&#8221;fas fa-play&#8221; css_animation=&#8221;fadeIn&#8221; button_block=&#8221;true&#8221; add_icon=&#8221;true&#8221; link=&#8221;url:https%3A%2F%2Foldsite.reasonline.it%2F2024%2F09%2F11%2Fcomponente-aerea-antincendio-boschivo%2F|target:_blank&#8221;][vc_empty_space][\/vc_column][vc_column width=&#8221;1\/3&#8243;][vc_single_image image=&#8221;20425&#8243; img_size=&#8221;400&#215;225&#8243;][vc_empty_space height=&#8221;16px&#8221;][vc_column_text]<span style=\"color: #ec7404;\">CONTEST<\/span>[\/vc_column_text][vc_column_text]<strong>SABATO 5 OTTOBRE \/ Area esterna<br \/>\n<\/strong>[\/vc_column_text][vc_column_text]<\/p>\n<h4>Pentathlon A.I.B.<br \/>\nQuinto trofeo \u201cGiuseppe Zamberletti\u201d<\/h4>\n<p>[\/vc_column_text][vc_empty_space height=&#8221;16px&#8221;][vc_single_image image=&#8221;20423&#8243; img_size=&#8221;100&#215;100&#8243; onclick=&#8221;custom_link&#8221; link=&#8221;https:\/\/www.procivitalia.eu\/&#8221;][vc_empty_space height=&#8221;16px&#8221;][vc_column_text]REAS 2024 ospita la quinta edizione del Trofeo \u201cGiuseppe Zamberletti\u201d promosso da Prociv Italia, Associazione Nazionale Volontari di Protezione Civile e Sanit\u00e0. L\u2019evento \u00e8 dedicato alla memoria di Giuseppe Zamberletti, fondatore della Protezione Civile della Presidenza del Consiglio, gi\u00e0 Commissario straordinario a seguito dei terremoti in Friuli nel 1976 e in Irpinia nel 1980.[\/vc_column_text][\/vc_column][vc_column width=&#8221;1\/3&#8243;][vc_single_image image=&#8221;30229&#8243; img_size=&#8221;400&#215;225&#8243;][vc_empty_space height=&#8221;16px&#8221;][vc_column_text]<span style=\"color: #ec7404;\">CONTEST<\/span>[\/vc_column_text][vc_column_text]<strong>SABATO 5 OTTOBRE \/ Area esterna<br \/>\n<\/strong>[\/vc_column_text][vc_column_text]<\/p>\n<h4>Trofeo Autista dell&#8217;anno<\/h4>\n<p>[\/vc_column_text][vc_empty_space height=&#8221;28px&#8221;][vc_single_image image=&#8221;14427&#8243; img_size=&#8221;251&#215;55&#8243; onclick=&#8221;custom_link&#8221; link=&#8221;https:\/\/www.formulaguidasicura.it\/&#8221;][vc_empty_space height=&#8221;28px&#8221;][vc_column_text]In occasione di REAS 2024 torna il tradizionale appuntamento con <strong>Trofeo \u201cAutista dell\u2019anno\u201d<\/strong>, il contest riservato ai conducenti dei veicoli dell\u2019emergenza promosso da <strong>Formula Guida Sicura<\/strong>. L\u2019evento, un \u201cclassico\u201d di REAS, dar\u00e0 modo di testare sul campo l\u2019abilit\u00e0 di volontari ed operatori, consentendo al pubblico presente in area esterna di apprezzare dal vicino la guida in sicurezza dei veicoli dell\u2019emergenza.[\/vc_column_text][vc_btn title=&#8221;SCOPRI DI PI\u00d9&#8221; style=&#8221;outline-custom&#8221; outline_custom_color=&#8221;#ec7404&#8243; outline_custom_hover_background=&#8221;#ec7404&#8243; outline_custom_hover_text=&#8221;#ffffff&#8221; align=&#8221;center&#8221; i_icon_fontawesome=&#8221;fas fa-play&#8221; css_animation=&#8221;fadeIn&#8221; button_block=&#8221;true&#8221; add_icon=&#8221;true&#8221; link=&#8221;url:https%3A%2F%2Foldsite.reasonline.it%2F2024%2F09%2F06%2Ftrofeo-autista-dellanno%2F|target:_blank&#8221;][vc_empty_space][\/vc_column][\/vc_row][vc_row bg_type=&#8221;bg_color&#8221; bg_override=&#8221;ex-full&#8221; bg_color_value=&#8221;#ffffff&#8221;][vc_column][vc_empty_space][vc_separator color=&#8221;custom&#8221; style=&#8221;dotted&#8221; accent_color=&#8221;#303030&#8243;][vc_empty_space][\/vc_column][\/vc_row][vc_row bg_type=&#8221;bg_color&#8221; bg_override=&#8221;ex-full&#8221; bg_color_value=&#8221;#ffffff&#8221;][vc_column width=&#8221;1\/3&#8243;][vc_single_image image=&#8221;20252&#8243; img_size=&#8221;400&#215;225&#8243;][vc_empty_space height=&#8221;16px&#8221;][vc_column_text]<span style=\"color: #ec7404;\">INAUGURAZIONE<\/span>[\/vc_column_text][vc_column_text]<strong>SABATO 5 OTTOBRE &#8211; ore 10:30 \/ Foyer<br \/>\n(ingresso centrale)<\/strong>[\/vc_column_text][vc_column_text]<\/p>\n<h4>Cerimonia di inaugurazione e taglio del nastro alla presenza delle Autorit\u00e0<\/h4>\n<p>[\/vc_column_text][vc_empty_space][\/vc_column][vc_column width=&#8221;1\/3&#8243;][vc_single_image image=&#8221;19855&#8243; img_size=&#8221;400&#215;225&#8243;][vc_empty_space height=&#8221;16px&#8221;][vc_column_text]<span style=\"color: #ec7404;\">TAVOLA ROTONDA<br \/>\n<\/span>[\/vc_column_text][vc_column_text]<strong>SABATO 5 OTTOBRE<br \/>\n<\/strong>[\/vc_column_text][vc_column_text]<\/p>\n<h4>Tavola rotonda<br \/>\nAntincendio boschivo AIB<\/h4>\n<p>[\/vc_column_text][vc_empty_space height=&#8221;12px&#8221;][vc_single_image image=&#8221;14175&#8243; img_size=&#8221;250&#215;100&#8243; onclick=&#8221;custom_link&#8221; link=&#8221;https:\/\/www.laprotezionecivile.com\/&#8221;][vc_empty_space height=&#8221;12px&#8221;][\/vc_column][vc_column width=&#8221;1\/3&#8243;][vc_single_image image=&#8221;30305&#8243; img_size=&#8221;400&#215;225&#8243;][vc_empty_space height=&#8221;16px&#8221;][vc_column_text]<span style=\"color: #ec7404;\">CORSO<\/span>[\/vc_column_text][vc_column_text]<strong>DOMENICA 6 OTTOBRE \/ ore 9:30 \/ Sala 4 (secondo piano, ingresso centrale)<br \/>\n<\/strong>[\/vc_column_text][vc_column_text]<\/p>\n<h4>Il cittadino al centro del sistema<\/h4>\n<p>[\/vc_column_text][vc_empty_space][vc_single_image image=&#8221;14425&#8243; img_size=&#8221;152&#215;50&#8243; onclick=&#8221;custom_link&#8221; link=&#8221;https:\/\/www.cives-odv.org\/web\/&#8221;][vc_empty_space][vc_column_text]In occasione di REAS 2024, <strong>CIVES<\/strong>, il Coordinamento Infermieri Volontari Emergenza Sanitaria, propone il corso dal titolo &#8220;<em><strong>Il cittadino al centro del sistema<\/strong><\/em>&#8220;, evento accreditato ECM per infermieri. Finalit\u00e0 del corso \u00e8 il miglioramento elle conoscenze in ambito di infermieristica in Protezione civile.[\/vc_column_text][vc_btn title=&#8221;SCOPRI DI PI\u00d9&#8221; style=&#8221;outline-custom&#8221; outline_custom_color=&#8221;#ec7404&#8243; outline_custom_hover_background=&#8221;#ec7404&#8243; outline_custom_hover_text=&#8221;#ffffff&#8221; align=&#8221;center&#8221; i_icon_fontawesome=&#8221;fas fa-play&#8221; css_animation=&#8221;fadeIn&#8221; button_block=&#8221;true&#8221; add_icon=&#8221;true&#8221; link=&#8221;url:https%3A%2F%2Foldsite.reasonline.it%2Fwp-content%2Fuploads%2F2024%2F09%2Flocandina-cives.pdf|target:_blank&#8221;][vc_empty_space][\/vc_column][\/vc_row][vc_row bg_type=&#8221;bg_color&#8221; bg_override=&#8221;ex-full&#8221; bg_color_value=&#8221;#ffffff&#8221;][vc_column][vc_empty_space][vc_separator color=&#8221;custom&#8221; style=&#8221;dotted&#8221; accent_color=&#8221;#303030&#8243;][vc_empty_space][\/vc_column][\/vc_row][vc_row bg_type=&#8221;bg_color&#8221; bg_override=&#8221;ex-full&#8221; bg_color_value=&#8221;#ffffff&#8221;][vc_column width=&#8221;1\/3&#8243;][vc_single_image image=&#8221;20277&#8243; img_size=&#8221;400&#215;225&#8243;][vc_empty_space height=&#8221;16px&#8221;][vc_column_text]<span style=\"color: #ec7404;\">PREMIAZIONE<\/span>[\/vc_column_text][vc_column_text]<strong>DOMENICA 6 OTTOBRE \/ ore 10:30 \/ Foyer (ingresso centrale)<br \/>\n<\/strong>[\/vc_column_text][vc_column_text]<\/p>\n<h4>Premiazione &#8220;Photocontest REAS 2024&#8221;<\/h4>\n<p>[\/vc_column_text][vc_empty_space][\/vc_column][\/vc_row][vc_row bg_type=&#8221;bg_color&#8221; bg_override=&#8221;ex-full&#8221; bg_color_value=&#8221;#ffffff&#8221;][vc_column][vc_empty_space][vc_separator color=&#8221;custom&#8221; style=&#8221;dotted&#8221; accent_color=&#8221;#303030&#8243;][vc_empty_space][\/vc_column][\/vc_row]<\/p>\n<\/div>","protected":false},"excerpt":{"rendered":"<p>[vc_row disable_element=&#8221;yes&#8221; bg_type=&#8221;bg_color&#8221; bg_override=&#8221;ex-full&#8221; bg_color_value=&#8221;#ffffff&#8221;][vc_column][na_posts_grid excerpt=&#8221;0&#8243; comment=&#8221;none&#8221; catg=&#8221;none&#8221; settings=&#8221;post_type:post|categories:54&#8243;][\/vc_column][\/vc_row][vc_row bg_type=&#8221;bg_color&#8221; bg_override=&#8221;ex-full&#8221; bg_color_value=&#8221;#ffffff&#8221;][vc_column][vc_empty_space][vc_custom_heading text=&#8221;PROGRAM 2024 (updating)&#8221; font_container=&#8221;tag:h2|text_align:center|color:%23ec7404&#8243; use_theme_fonts=&#8221;yes&#8221;][vc_column_text] The protagonists of emergency management in a program of special events at the fair [\/vc_column_text][vc_empty_space][vc_column_text]REAS is a unique opportunity for operators and volunteers because it represents moments of confrontation, in which to learn new skills and measure one\u2019s [&hellip;]<\/p>\n","protected":false},"author":1,"featured_media":0,"parent":0,"menu_order":0,"comment_status":"closed","ping_status":"closed","template":"page.php","meta":{"amp_status":"","footnotes":""},"class_list":["post-12158","page","type-page","status-publish","hentry"],"_links":{"self":[{"href":"https:\/\/oldsite.reasonline.it\/en\/wp-json\/wp\/v2\/pages\/12158","targetHints":{"allow":["GET"]}}],"collection":[{"href":"https:\/\/oldsite.reasonline.it\/en\/wp-json\/wp\/v2\/pages"}],"about":[{"href":"https:\/\/oldsite.reasonline.it\/en\/wp-json\/wp\/v2\/types\/page"}],"author":[{"embeddable":true,"href":"https:\/\/oldsite.reasonline.it\/en\/wp-json\/wp\/v2\/users\/1"}],"replies":[{"embeddable":true,"href":"https:\/\/oldsite.reasonline.it\/en\/wp-json\/wp\/v2\/comments?post=12158"}],"version-history":[{"count":65,"href":"https:\/\/oldsite.reasonline.it\/en\/wp-json\/wp\/v2\/pages\/12158\/revisions"}],"predecessor-version":[{"id":12626,"href":"https:\/\/oldsite.reasonline.it\/en\/wp-json\/wp\/v2\/pages\/12158\/revisions\/12626"}],"wp:attachment":[{"href":"https:\/\/oldsite.reasonline.it\/en\/wp-json\/wp\/v2\/media?parent=12158"}],"curies":[{"name":"wp","href":"https:\/\/api.w.org\/{rel}","templated":true}]}}